{"id":14,"date":"2023-08-16T00:48:08","date_gmt":"2023-08-15T22:48:08","guid":{"rendered":"https:\/\/www.electribal.org\/?page_id=14"},"modified":"2024-11-09T05:37:31","modified_gmt":"2024-11-09T04:37:31","slug":"projet-ipb-phoenix","status":"publish","type":"page","link":"https:\/\/www.electribal.org\/","title":{"rendered":"\/\\\\\/\/ ProjetIPB Phoenix \/\/\\\\\/"},"content":{"rendered":"\n<p class=\"has-text-align-left has-white-color has-black-background-color has-text-color has-background has-medium-font-size\">SPECTRE <em>(Spectrum)<\/em><\/p>\n\n\n\n<p class=\"has-white-color has-black-background-color has-text-color has-background has-medium-font-size\">Nom masculin<\/p>\n\n\n\n<p class=\"has-white-color has-black-background-color has-text-color has-background has-link-color has-small-font-size wp-elements-933fbb6901fb874fbbc3cc5cf5803edd\"><strong>1.<\/strong>&nbsp;Repr\u00e9sentation d&rsquo;une chose ou d&rsquo;une id\u00e9e effrayante, d&rsquo;un \u00e9v\u00e9nement mena\u00e7ant.<\/p>\n\n\n\n<p class=\"has-white-color has-black-background-color has-text-color has-background has-link-color has-small-font-size wp-elements-04426e33e44ed1699fdcd3f46737dd33\"><strong>2.<\/strong> Ensemble des harmoniques r\u00e9sultant de la d\u00e9composition d&rsquo;un signal complexe.<\/p>\n\n\n\n<p class=\"has-white-color has-black-background-color has-text-color has-background has-link-color wp-elements-aeabeb7a9355f4bd2132510bbc062e5f\"><\/p>\n\n\n\n<p class=\"has-white-color has-black-background-color has-text-color has-background has-link-color wp-elements-a8a1d104575dc51c11b52ec5642aa590\">VARIATION <em>(Variatio<\/em>)<\/p>\n\n\n\n<p class=\"has-white-color has-black-background-color has-text-color has-background has-link-color has-medium-font-size wp-elements-d9b93ced6c31268f959b1d865b948be7\">Nom f\u00e9minin<\/p>\n\n\n\n<p class=\"has-white-color has-black-background-color has-text-color has-background has-link-color has-small-font-size wp-elements-f29cc0057f6d85dcdd591888efe0f43e\"><strong>1.<\/strong>&nbsp;\u00c9tat de ce qui varie, modification, changement, \u00e9cart, diff\u00e9rence entre deux \u00e9tats<\/p>\n\n\n\n<p class=\"has-white-color has-black-background-color has-text-color has-background has-link-color has-small-font-size wp-elements-36d4893d23900fb0d09b36733389ee1d\"><strong>2.<\/strong> Transformation d&rsquo;une phrase musicale par divers proc\u00e9d\u00e9s d&rsquo;\u00e9criture, tout en laissant le th\u00e8me original discernable.<\/p>\n\n\n\n<p><\/p>\n","protected":false},"excerpt":{"rendered":"<p>SPECTRE (Spectrum) Nom masculin 1.&nbsp;Repr\u00e9sentation d&rsquo;une chose ou d&rsquo;une id\u00e9e effrayante, d&rsquo;un \u00e9v\u00e9nement mena\u00e7ant. 2. Ensemble des harmoniques r\u00e9sultant de la d\u00e9composition d&rsquo;un signal complexe. VARIATION (Variatio) Nom f\u00e9minin 1.&nbsp;\u00c9tat de ce qui varie, modification, changement, \u00e9cart, diff\u00e9rence entre deux \u00e9tats 2. Transformation d&rsquo;une phrase musicale par divers proc\u00e9d\u00e9s d&rsquo;\u00e9criture, tout en laissant le th\u00e8me [&hellip;]<\/p>\n","protected":false},"author":1,"featured_media":0,"parent":0,"menu_order":0,"comment_status":"closed","ping_status":"closed","template":"","meta":{"footnotes":""},"class_list":["post-14","page","type-page","status-publish","hentry"],"_links":{"self":[{"href":"https:\/\/www.electribal.org\/index.php?rest_route=\/wp\/v2\/pages\/14","targetHints":{"allow":["GET"]}}],"collection":[{"href":"https:\/\/www.electribal.org\/index.php?rest_route=\/wp\/v2\/pages"}],"about":[{"href":"https:\/\/www.electribal.org\/index.php?rest_route=\/wp\/v2\/types\/page"}],"author":[{"embeddable":true,"href":"https:\/\/www.electribal.org\/index.php?rest_route=\/wp\/v2\/users\/1"}],"replies":[{"embeddable":true,"href":"https:\/\/www.electribal.org\/index.php?rest_route=%2Fwp%2Fv2%2Fcomments&post=14"}],"version-history":[{"count":16,"href":"https:\/\/www.electribal.org\/index.php?rest_route=\/wp\/v2\/pages\/14\/revisions"}],"predecessor-version":[{"id":62,"href":"https:\/\/www.electribal.org\/index.php?rest_route=\/wp\/v2\/pages\/14\/revisions\/62"}],"wp:attachment":[{"href":"https:\/\/www.electribal.org\/index.php?rest_route=%2Fwp%2Fv2%2Fmedia&parent=14"}],"curies":[{"name":"wp","href":"https:\/\/api.w.org\/{rel}","templated":true}]}}